{"id":878,"date":"2021-07-27T09:11:16","date_gmt":"2021-07-27T09:11:16","guid":{"rendered":"http:\/\/www.boulet.fr\/?page_id=878"},"modified":"2023-04-05T09:06:34","modified_gmt":"2023-04-05T09:06:34","slug":"mentions-legales-du-site-www-boulet-fr","status":"publish","type":"page","link":"https:\/\/www.boulet.fr\/?page_id=878","title":{"rendered":"Mentions l\u00e9gales du site www.boulet.fr"},"content":{"rendered":"\t\t<div data-elementor-type=\"wp-page\" data-elementor-id=\"878\" class=\"elementor elementor-878\">\n\t\t\t\t\t\t<section class=\"elementor-section elementor-top-section elementor-element elementor-element-421e90e elementor-section-boxed elementor-section-height-default elementor-section-height-default\" data-id=\"421e90e\" data-element_type=\"section\" data-e-type=\"section\">\n\t\t\t\t\t\t<div class=\"elementor-container elementor-column-gap-default\">\n\t\t\t\t\t<div class=\"elementor-column elementor-col-100 elementor-top-column elementor-element elementor-element-f13ef8a\" data-id=\"f13ef8a\" data-element_type=\"column\" data-e-type=\"column\">\n\t\t\t<div class=\"elementor-widget-wrap elementor-element-populated\">\n\t\t\t\t\t\t<div class=\"elementor-element elementor-element-f18e888 elementor-widget elementor-widget-heading\" data-id=\"f18e888\" data-element_type=\"widget\" data-e-type=\"widget\" data-widget_type=\"heading.default\">\n\t\t\t\t<div class=\"elementor-widget-container\">\n\t\t\t\t\t<h2 class=\"elementor-heading-title elementor-size-default\">Mentions l\u00e9gales<\/h2>\t\t\t\t<\/div>\n\t\t\t\t<\/div>\n\t\t\t\t\t<\/div>\n\t\t<\/div>\n\t\t\t\t\t<\/div>\n\t\t<\/section>\n\t\t\t\t<section class=\"elementor-section elementor-top-section elementor-element elementor-element-45f2fe8 elementor-section-boxed elementor-section-height-default elementor-section-height-default\" data-id=\"45f2fe8\" data-element_type=\"section\" data-e-type=\"section\">\n\t\t\t\t\t\t<div class=\"elementor-container elementor-column-gap-default\">\n\t\t\t\t\t<div class=\"elementor-column elementor-col-50 elementor-top-column elementor-element elementor-element-8fab4c7\" data-id=\"8fab4c7\" data-element_type=\"column\" data-e-type=\"column\">\n\t\t\t<div class=\"elementor-widget-wrap elementor-element-populated\">\n\t\t\t\t\t\t<div class=\"elementor-element elementor-element-4f610e7 elementor-widget elementor-widget-text-editor\" data-id=\"4f610e7\" data-element_type=\"widget\" data-e-type=\"widget\" data-widget_type=\"text-editor.default\">\n\t\t\t\t<div class=\"elementor-widget-container\">\n\t\t\t\t\t\t\t\t\t<p>Merci de lire attentivement les pr\u00e9sentes modalit\u00e9s d\u2019utilisation du pr\u00e9sent site avant de le parcourir. En vous connectant sur ce site, vous acceptez sans r\u00e9serve les pr\u00e9sentes modalit\u00e9s.<\/p><p><strong>Propri\u00e9taire du site\u00a0:<\/strong><\/p><p>SARL BOULET Grossiste F&amp;L 71 Boulevard Alfred Nobel B\u00e2timent A \u2013 Case n\u00b007 March\u00e9 d\u2019Int\u00e9r\u00eat National de Rez\u00e9 &#8211; 44400 REZ\u00c9 &#8211; T\u00e9l. 02 40 47 19 25 \u2013 privacy@boulet.fr La SARL BOULET est une soci\u00e9t\u00e9 RCS &#8211; Siret : 334 915 250 00029<\/p><p><strong>CONDITIONS D\u2019UTILISATION<\/strong><\/p><p>Le site accessible par les url suivants : WWW.BOULET.FR est exploit\u00e9 dans le respect de la l\u00e9gislation fran\u00e7aise. L\u2019utilisation de ce site est r\u00e9gie par les pr\u00e9sentes conditions g\u00e9n\u00e9rales. En utilisant le site, vous reconnaissez avoir pris connaissance de ces conditions et les avoir accept\u00e9es. Celles-ci pourront \u00eatre modifi\u00e9s \u00e0 tout moment et sans pr\u00e9avis par SARL BOULET.<br \/>La SARL BOULET\u00a0ne pourra \u00eatre tenu pour responsable en aucune mani\u00e8re d\u2019une mauvaise utilisation du service.<\/p><p><strong>RESPONSABLE \u00c9DITORIAL<\/strong><\/p><p>Le DPO de la SARL BOULET Grossiste F&amp;L 71 Boulevard Alfred Nobel -B\u00e2timent A \u2013 Case n\u00b007 &#8211; March\u00e9 d\u2019Int\u00e9r\u00eat National de Rez\u00e9 &#8211; 44400 REZ\u00c9 &#8211; T\u00e9l. 02 40 47 19 25 \u2013 privacy@boulet.fr<\/p><p><strong>LIMITATION DE RESPONSABILIT\u00c9<\/strong><\/p><p>Les informations contenues sur ce site sont aussi pr\u00e9cises que possibles et le site est p\u00e9riodiquement remis \u00e0 jour, mais peut toutefois contenir des inexactitudes, des omissions ou des lacunes. Si vous constatez une lacune, erreur ou ce qui parait \u00eatre un dysfonctionnement, merci de bien vouloir le signaler par\u00a0e-mail en d\u00e9crivant le probl\u00e8me de la mani\u00e8re la plus pr\u00e9cise possible (page posant probl\u00e8me, action d\u00e9clenchante, type d\u2019ordinateur et de navigateur utilis\u00e9, \u2026).<\/p><p>Tout contenu t\u00e9l\u00e9charg\u00e9 se fait aux risques et p\u00e9rils de l\u2019utilisateur et sous sa seule responsabilit\u00e9. En cons\u00e9quence, la SARL BOULET\u00a0ne saurait \u00eatre tenu responsable d\u2019un quelconque dommage subi par l\u2019ordinateur de l\u2019utilisateur ou d\u2019une quelconque perte de donn\u00e9es cons\u00e9cutives au t\u00e9l\u00e9chargement.<\/p><p>Certaines photos sont non-contractuelles.<\/p><p>Les liens hypertextes mis en place dans le cadre du pr\u00e9sent site internet en direction d\u2019autres ressources pr\u00e9sentes sur le r\u00e9seau Internet ne sauraient engager la responsabilit\u00e9 de la SARL BOULET.<\/p><p><strong>LITIGES<\/strong><\/p><p>Les pr\u00e9sentes conditions sont r\u00e9gies par les lois fran\u00e7aises et toute contestation ou litiges qui pourraient na\u00eetre de l\u2019interpr\u00e9tation ou de l\u2019ex\u00e9cution de celles-ci seront de la comp\u00e9tence exclusive des tribunaux dont d\u00e9pend le si\u00e8ge social de la soci\u00e9t\u00e9 SARL BOULET. La langue de r\u00e9f\u00e9rence, pour le r\u00e8glement de contentieux \u00e9ventuels, est le fran\u00e7ais.<\/p><p><strong>D\u00c9CLARATION \u00c0 LA CNIL<\/strong><\/p><p>Aucune d\u00e9claration \u00e0 la CNIL suite \u00e0 la loi du 25 mai 2018 en application du RGPD. Les donn\u00e9es sont conserv\u00e9es en fonction du registre des activit\u00e9s de traitement de la SARL BOULET. Num\u00e9ro de d\u00e9signation du d\u00e9l\u00e9gu\u00e9 \u00e0 la protection des donn\u00e9es N\u00b0 DPO-131411<\/p><p><strong>COORDONN\u00c9ES PUBLIQUES<\/strong><\/p><p>Ces informations de contact permettent \u00e0 toute personne de joindre facilement le d\u00e9l\u00e9gu\u00e9 DPO (d\u00e9l\u00e9gu\u00e9 \u00e0 la protection des donn\u00e9es) de la SARL BOULET. La CNIL les tient \u00e0 disposition du public dans des formats ouverts. D\u00e9signation N\u00b0 DPO-131411<br \/>Adresse postale publique : 71 Boulevard Alfred Nobel &#8211; Min de Rez\u00e9 &#8211; B\u00e2timent A &#8211; Case N\u00b0 7 &#8211; 44400 REZE &#8211; FRANCE<\/p><p>Contact t\u00e9l\u00e9phonique : +33\u00a0 (0)2 40 47 19 25<br \/>Adresse \u00e9lectronique d\u00e9di\u00e9e : privacy@boulet.fr<br \/>URL de formulaire de contact d\u00e9di\u00e9e https:\/\/www.boulet.fr\/\u00a0<\/p>\t\t\t\t\t\t\t\t<\/div>\n\t\t\t\t<\/div>\n\t\t\t\t<div class=\"elementor-element elementor-element-87dbcd6 elementor-widget elementor-widget-text-editor\" data-id=\"87dbcd6\" data-element_type=\"widget\" data-e-type=\"widget\" data-widget_type=\"text-editor.default\">\n\t\t\t\t<div class=\"elementor-widget-container\">\n\t\t\t\t\t\t\t\t\t<p>Merci de lire attentivement les pr\u00e9sentes modalit\u00e9s d\u2019utilisation du pr\u00e9sent site avant de le parcourir. En vous connectant sur ce site, vous acceptez sans r\u00e9serve les pr\u00e9sentes modalit\u00e9s.<\/p><p><strong>Propri\u00e9taire du site\u00a0:<\/strong><\/p><p>SARL BOULET Grossiste F&amp;L 71 Boulevard Alfred Nobel B\u00e2timent A \u2013 Case n\u00b007 March\u00e9 d\u2019Int\u00e9r\u00eat National de Rez\u00e9 &#8211; 44400 REZ\u00c9 &#8211; T\u00e9l. +33 (0)2 40 47 19 25 \u2013 privacy@boulet.fr<\/p><p>BOULET est une soci\u00e9t\u00e9 RCS : Siret : 334 915 250 00029<\/p><p><strong>CONDITIONS D\u2019UTILISATION<\/strong><\/p><p>Le site accessible par les url suivants : WWW.BOULET.FR est exploit\u00e9 dans le respect de la l\u00e9gislation fran\u00e7aise. L\u2019utilisation de ce site est r\u00e9gie par les pr\u00e9sentes conditions g\u00e9n\u00e9rales. En utilisant le site, vous reconnaissez avoir pris connaissance de ces conditions et les avoir accept\u00e9es. Celles-ci pourront \u00eatre modifi\u00e9s \u00e0 tout moment et sans pr\u00e9avis par SARL BOULET.<br \/>La SARL BOULET\u00a0ne pourra \u00eatre tenu pour responsable en aucune mani\u00e8re d\u2019une mauvaise utilisation du service.<\/p><p><strong>RESPONSABLE \u00c9DITORIAL<\/strong><\/p><p>Le DPO pour la SARL BOULET Grossiste F&amp;L 71 Boulevard Alfred Nobel -B\u00e2timent A \u2013 Case n\u00b007 &#8211; March\u00e9 d\u2019Int\u00e9r\u00eat National de Rez\u00e9 &#8211; 44400 REZ\u00c9 &#8211; T\u00e9l. +33 (0)2 40 47 19 25 \u2013 privacy@boulet.fr<\/p><p><strong>LIMITATION DE RESPONSABILIT\u00c9<\/strong><\/p><p>Les informations contenues sur ce site sont aussi pr\u00e9cises que possibles et le site est p\u00e9riodiquement remis \u00e0 jour, mais peut toutefois contenir des inexactitudes, des omissions ou des lacunes. Si vous constatez une lacune, erreur ou ce qui parait \u00eatre un dysfonctionnement, merci de bien vouloir le signaler par\u00a0e-mail en d\u00e9crivant le probl\u00e8me de la mani\u00e8re la plus pr\u00e9cise possible (page posant probl\u00e8me, action d\u00e9clenchante, type d\u2019ordinateur et de navigateur utilis\u00e9, \u2026).<\/p><p>Tout contenu t\u00e9l\u00e9charg\u00e9 se fait aux risques et p\u00e9rils de l\u2019utilisateur et sous sa seule responsabilit\u00e9. En cons\u00e9quence, la SARL BOULET\u00a0ne saurait \u00eatre tenu responsable d\u2019un quelconque dommage subi par l\u2019ordinateur de l\u2019utilisateur ou d\u2019une quelconque perte de donn\u00e9es cons\u00e9cutives au t\u00e9l\u00e9chargement.<\/p><p>Certaines photos sont non-contractuelles.<\/p><p>Les liens hypertextes mis en place dans le cadre du pr\u00e9sent site internet en direction d\u2019autres ressources pr\u00e9sentes sur le r\u00e9seau Internet ne sauraient engager la responsabilit\u00e9 de la SARL BOULET.<\/p><p><strong>LITIGES<\/strong><\/p><p>Les pr\u00e9sentes conditions sont r\u00e9gies par les lois fran\u00e7aises et toute contestation ou litiges qui pourraient na\u00eetre de l\u2019interpr\u00e9tation ou de l\u2019ex\u00e9cution de celles-ci seront de la comp\u00e9tence exclusive des tribunaux dont d\u00e9pend le si\u00e8ge social de la soci\u00e9t\u00e9 SARL BOULET. La langue de r\u00e9f\u00e9rence, pour le r\u00e8glement de contentieux \u00e9ventuels, est le fran\u00e7ais.<\/p><p><strong>D\u00c9CLARATION \u00c0 LA CNIL<\/strong><\/p><p>Aucune d\u00e9claration \u00e0 la CNIL suite \u00e0 la loi du 25 mai 2018 en application du RGPD. Les donn\u00e9es sont conserv\u00e9es en fonction du registre des activit\u00e9s de traitement de la SARL BOULET. Num\u00e9ro de d\u00e9signation du d\u00e9l\u00e9gu\u00e9 \u00e0 la protection des donn\u00e9es\u00a0 N\u00b0 DPO-131411<\/p><p><strong>COORDONN\u00c9ES PUBLIQUES<\/strong><\/p><p>Ces informations de contact permettent \u00e0 toute personne de joindre facilement le d\u00e9l\u00e9gu\u00e9 DPO (d\u00e9l\u00e9gu\u00e9 \u00e0 la protection des donn\u00e9es) de la SARL BOULET. La CNIL les tient \u00e0 disposition du public dans des formats ouverts.\u00a0<br \/>Adresse postale publique : 71 Boulevard Alfred Nobel &#8211; Min de Rez\u00e9 &#8211; B\u00e2timent A &#8211; Case N\u00b0 7 &#8211; 44400 REZE &#8211; FRANCE<\/p><p>Ligne t\u00e9l\u00e9phonique d\u00e9di\u00e9e : +33 (0)2 40 47 19 25<br \/>Adresse \u00e9lectronique d\u00e9di\u00e9e : privacy@boulet.fr<br \/>URL de formulaire de contact d\u00e9di\u00e9e https:\/\/www.boulet.fr\/\u00a0<\/p>\t\t\t\t\t\t\t\t<\/div>\n\t\t\t\t<\/div>\n\t\t\t\t\t<\/div>\n\t\t<\/div>\n\t\t\t\t<div class=\"elementor-column elementor-col-50 elementor-top-column elementor-element elementor-element-fb6eec6\" data-id=\"fb6eec6\" data-element_type=\"column\" data-e-type=\"column\">\n\t\t\t<div class=\"elementor-widget-wrap elementor-element-populated\">\n\t\t\t\t\t\t<div class=\"elementor-element elementor-element-a0e4f62 elementor-widget elementor-widget-text-editor\" data-id=\"a0e4f62\" data-element_type=\"widget\" data-e-type=\"widget\" data-widget_type=\"text-editor.default\">\n\t\t\t\t<div class=\"elementor-widget-container\">\n\t\t\t\t\t\t\t\t\t<p><strong>DROIT D\u2019ACC\u00c8S<\/strong><\/p><p>Conform\u00e9ment \u00e0 la Loi informatique et libert\u00e9s du 6 janvier 1978 modifi\u00e9e et au r\u00e8glement europ\u00e9en 2016 &#8211; 679 en date du 27 avril 2016, les internautes disposent \u00e0 tout moment, sans frais, d\u2019un droit d\u2019acc\u00e8s, de rectification, de modification et de suppression concernant les donn\u00e9es qui les concernent : de s&rsquo;opposer pour motif l\u00e9gitime \u00e0 leur traitement, de les faire rectifier, de demander la limitation de leur traitement ou leur portabilit\u00e9. \u00a0Ce droit peut \u00eatre exerc\u00e9 par voie postale aupr\u00e8s de la SARL BOULET ou par voie \u00e9lectronique \u00e0 l\u2019adresse email suivante : privacy@boulet.fr<br \/>Les informations personnelles collect\u00e9es ne sont en aucun cas confi\u00e9es \u00e0 des tiers hormis pour l\u2019\u00e9ventuelle bonne ex\u00e9cution de la prestation command\u00e9e par l\u2019internaute.<\/p><p><strong>CONFIDENTIALIT\u00c9<\/strong><\/p><p>Vos donn\u00e9es personnelles sont confidentielles et ne seront en aucun cas communiqu\u00e9es \u00e0 des tiers hormis pour la bonne ex\u00e9cution de la prestation.<\/p><p><strong>PROPRI\u00c9T\u00c9 INTELLECTUELLE<\/strong><\/p><p>Tout le contenu du pr\u00e9sent site, incluant, de fa\u00e7on non limitative, les graphismes, images, textes, vid\u00e9os, animations, sons, logos, gifs et ic\u00f4nes ainsi que leur mise en forme sont la propri\u00e9t\u00e9 exclusive de la SARL BOULET \u00e0 l\u2019exception des marques, logos ou contenus appartenant \u00e0 d\u2019autres soci\u00e9t\u00e9s partenaires ou auteurs.<br \/>Toute reproduction, distribution, modification, adaptation, retransmission ou publication, m\u00eame partielle, de ces diff\u00e9rents \u00e9l\u00e9ments est strictement interdite sans l\u2019accord expr\u00e8s par \u00e9crit de SARL BOULET. Cette repr\u00e9sentation ou reproduction, par quelque proc\u00e9d\u00e9 que ce soit, constitue une contrefa\u00e7on sanctionn\u00e9e par les articles L.3335-2 et suivants du Code de la propri\u00e9t\u00e9 intellectuelle. Le non-respect de cette interdiction constitue une contrefa\u00e7on pouvant engager la responsabilit\u00e9 civile et p\u00e9nale du contrefacteur. En outre, les propri\u00e9taires des Contenus copi\u00e9s pourraient intenter une action en justice \u00e0 votre encontre.<\/p><p>La SARL BOULET\u00a0est identiquement propri\u00e9taire des \u201cdroits des producteurs de bases de donn\u00e9es\u201d vis\u00e9s au Livre III, Titre IV, du Code de la Propri\u00e9t\u00e9 Intellectuelle (loi n\u00b0 98-536 du 1er juillet 1998) relative aux droits d\u2019auteur et aux bases de donn\u00e9es.<\/p><p>Les utilisateurs et visiteurs du site internet peuvent mettre en place un hyperlien en direction de ce site, mais uniquement en direction de la page d\u2019accueil, accessible \u00e0 l\u2019URL suivante : www.boulet.fr, \u00e0 condition que ce lien s\u2019ouvre dans une nouvelle fen\u00eatre. En particulier un lien vers une sous page (\u00ab lien profond \u00bb) est interdit, ainsi que l\u2019ouverture du pr\u00e9sent site au sein d\u2019un cadre (\u00ab framing \u00bb), sauf l\u2019autorisation expresse et pr\u00e9alable de SARL BOULET.<\/p><p>Pour toute demande d\u2019autorisation ou d\u2019information, veuillez nous contacter par email : privacy@boulet.fr. Des conditions sp\u00e9cifiques sont pr\u00e9vues pour la presse.<\/p><p>Par ailleurs, la mise en forme de ce site a n\u00e9cessit\u00e9 le recours \u00e0 des sources externes dont nous avons acquis les droits ou dont les droits d\u2019utilisation sont ouverts :<\/p><ul><li>Conception web par SARL BOULET<\/li><li>Conception graphique par SARL BOULET<\/li><li>R\u00e9daction des textes par SARL BOULET<\/li><li>Illustrations\u00a0: Tous droits r\u00e9serv\u00e9s SARL BOULET<\/li><li>Photos\u00a0: SARL BOULET<\/li><\/ul><p><strong>H\u00c9BERGEUR<\/strong><\/p><p>SOFTWARE DOMAIN <br \/>7, rue Louis Bl\u00e9riot &#8211; 44700 Orvault<br \/>T\u00e9l. : +33 (0)2 28 01 14 07 \/ Fax: +33 (0)2 28 01 14 09<br \/>e-mail :\u00a0 \u00a0contact@software-domain.com\u00a0\u00a0<\/p>\t\t\t\t\t\t\t\t<\/div>\n\t\t\t\t<\/div>\n\t\t\t\t\t<\/div>\n\t\t<\/div>\n\t\t\t\t\t<\/div>\n\t\t<\/section>\n\t\t\t\t<section class=\"elementor-section elementor-top-section elementor-element elementor-element-3ae6be7 elementor-section-boxed elementor-section-height-default elementor-section-height-default\" data-id=\"3ae6be7\" data-element_type=\"section\" data-e-type=\"section\">\n\t\t\t\t\t\t<div class=\"elementor-container elementor-column-gap-default\">\n\t\t\t\t\t<div class=\"elementor-column elementor-col-100 elementor-top-column elementor-element elementor-element-495999b\" data-id=\"495999b\" data-element_type=\"column\" data-e-type=\"column\">\n\t\t\t<div class=\"elementor-widget-wrap elementor-element-populated\">\n\t\t\t\t\t\t<div class=\"elementor-element elementor-element-aa2575b elementor-widget elementor-widget-heading\" data-id=\"aa2575b\" data-element_type=\"widget\" data-e-type=\"widget\" data-widget_type=\"heading.default\">\n\t\t\t\t<div class=\"elementor-widget-container\">\n\t\t\t\t\t<h2 class=\"elementor-heading-title elementor-size-default\">Conditions de service<\/h2>\t\t\t\t<\/div>\n\t\t\t\t<\/div>\n\t\t\t\t\t<\/div>\n\t\t<\/div>\n\t\t\t\t\t<\/div>\n\t\t<\/section>\n\t\t\t\t<section class=\"elementor-section elementor-top-section elementor-element elementor-element-d037667 elementor-section-boxed elementor-section-height-default elementor-section-height-default\" data-id=\"d037667\" data-element_type=\"section\" data-e-type=\"section\">\n\t\t\t\t\t\t<div class=\"elementor-container elementor-column-gap-default\">\n\t\t\t\t\t<div class=\"elementor-column elementor-col-50 elementor-top-column elementor-element elementor-element-8e3a61f\" data-id=\"8e3a61f\" data-element_type=\"column\" data-e-type=\"column\">\n\t\t\t<div class=\"elementor-widget-wrap elementor-element-populated\">\n\t\t\t\t\t\t<div class=\"elementor-element elementor-element-1d27cbf elementor-widget elementor-widget-text-editor\" data-id=\"1d27cbf\" data-element_type=\"widget\" data-e-type=\"widget\" data-widget_type=\"text-editor.default\">\n\t\t\t\t<div class=\"elementor-widget-container\">\n\t\t\t\t\t\t\t\t\t<p>Ce site est propos\u00e9 en langages\u00a0<strong>HTML5\u00a0<\/strong>et\u00a0<strong>CSS3<\/strong>, pour un meilleur confort d\u2019utilisation et un graphisme plus agr\u00e9able, nous vous recommandons de recourir \u00e0 des navigateurs modernes comme Safari, Firefox, Chrome,\u2026<\/p>\n<p><strong>INFORMATIONS ET EXCLUSION<\/strong><\/p>\n<p>La SARL BOULET met en \u0153uvre tous les moyens dont elle dispose, pour assurer une information fiable et une mise \u00e0 jour fiable de ses sites internet. Toutefois, des erreurs ou omissions peuvent survenir. L\u2019internaute devra donc s\u2019assurer de l\u2019exactitude des informations aupr\u00e8s de la SARL BOULET, et signaler toutes modifications du site qu\u2019il jugerait utile. La SARL BOULET n\u2019est en aucun cas responsable de l\u2019utilisation faite de ces informations, et de tout pr\u00e9judice direct ou indirect pouvant en d\u00e9couler.<\/p>\n<p><strong>COOKIES<\/strong><\/p>\n<p>Pour des besoins de statistiques et d\u2019affichage, le pr\u00e9sent site utilise des cookies. Il s\u2019agit de petits fichiers textes stock\u00e9s sur votre disque dur afin d\u2019enregistrer des donn\u00e9es techniques sur votre navigation. Certaines parties de ce site ne peuvent \u00eatre fonctionnelle sans l\u2019acceptation de cookies.<\/p>\n<p><strong>LIENS HYPERTEXTES<\/strong><\/p>\n<p>Les sites internet de la SARL BOULET peuvent offrir des liens vers d\u2019autres sites internet ou d\u2019autres ressources disponibles sur Internet.<\/p>\n<p>La SARL BOULET ne dispose d\u2019aucun moyen pour contr\u00f4ler les sites en connexion avec ses sites internet. La SARL BOULET\u00a0ne r\u00e9pond pas de la disponibilit\u00e9 de tels sites et sources externes, ni ne la garantit. Elle ne peut \u00eatre tenue pour responsable de tout dommage, de quelque nature que ce soit, r\u00e9sultant du contenu de ces sites ou sources externes, et notamment des informations, produits ou services qu\u2019ils proposent, ou de tout usage qui peut \u00eatre fait de ces \u00e9l\u00e9ments. Les risques li\u00e9s \u00e0 cette utilisation incombent pleinement \u00e0 l\u2019internaute, qui doit se conformer \u00e0 leurs conditions d\u2019utilisation.<\/p>\n<p>Les utilisateurs, les abonn\u00e9s et les visiteurs des sites internet de la SARL BOULET ne peuvent mettre en place un hyperlien en direction de ce site sans l\u2019autorisation expresse et pr\u00e9alable de la SARL BOULET.<\/p>\t\t\t\t\t\t\t\t<\/div>\n\t\t\t\t<\/div>\n\t\t\t\t\t<\/div>\n\t\t<\/div>\n\t\t\t\t<div class=\"elementor-column elementor-col-50 elementor-top-column elementor-element elementor-element-f949ed4\" data-id=\"f949ed4\" data-element_type=\"column\" data-e-type=\"column\">\n\t\t\t<div class=\"elementor-widget-wrap elementor-element-populated\">\n\t\t\t\t\t\t<div class=\"elementor-element elementor-element-3064530 elementor-widget elementor-widget-text-editor\" data-id=\"3064530\" data-element_type=\"widget\" data-e-type=\"widget\" data-widget_type=\"text-editor.default\">\n\t\t\t\t<div class=\"elementor-widget-container\">\n\t\t\t\t\t\t\t\t\t<p>Dans l\u2019hypoth\u00e8se o\u00f9 un utilisateur ou visiteur souhaiterait mettre en place un hyperlien en direction d\u2019un des sites internet de la SARL BOULET, il lui appartiendra d\u2019adresser un email accessible sur le site afin de formuler sa demande de mise en place d\u2019un hyperlien. La SARL BOULET se r\u00e9serve le droit d\u2019accepter ou de refuser un hyperlien sans avoir \u00e0 en justifier sa d\u00e9cision.<\/p><p><strong>RECHERCHE<\/strong><\/p><p>En outre, le renvoi sur un site internet pour compl\u00e9ter une information recherch\u00e9e ne signifie en aucune fa\u00e7on que la SARL BOULET reconna\u00eet ou accepte quelque responsabilit\u00e9 quant \u00e0 la teneur ou \u00e0 l\u2019utilisation du dit site.<\/p><p><strong>PR\u00c9CAUTIONS D\u2019USAGE<\/strong><\/p><p>Il vous incombe par cons\u00e9quent de prendre les pr\u00e9cautions d\u2019usage n\u00e9cessaires pour vous assurer que ce que vous choisissez d\u2019utiliser ne soit pas entach\u00e9 d\u2019erreurs voire d\u2019\u00e9l\u00e9ments de nature destructrice tels que virus, trojans, etc\u2026.<\/p><p><strong>RESPONSABILIT\u00c9<\/strong><\/p><p>Aucune autre garantie n\u2019est accord\u00e9e \u00e0 un visiteur ou utilisateur, auquel incombe l\u2019obligation de formuler clairement ses besoins et le devoir de s\u2019informer. Si des informations fournies par la SARL BOULET apparaissent inexactes, il appartiendra au client de proc\u00e9der lui-m\u00eame \u00e0 toutes v\u00e9rifications de la coh\u00e9rence ou de la vraisemblance des r\u00e9sultats obtenus. La SARL BOULET ne sera en aucune fa\u00e7on responsable vis \u00e0 vis des tiers de l\u2019utilisation par le visiteur utilisateur des informations ou de leur absence contenue dans ses produits y compris un de ses sites Internet.<\/p><p><strong>CONTACTEZ-NOUS<\/strong><\/p><p>La SARL BOULET est \u00e0 votre disposition pour tous vos commentaires ou suggestions. Vous pouvez nous \u00e9crire en fran\u00e7ais par courrier \u00e9lectronique \u00e0 : privacy@boulet.fr<\/p>\t\t\t\t\t\t\t\t<\/div>\n\t\t\t\t<\/div>\n\t\t\t\t\t<\/div>\n\t\t<\/div>\n\t\t\t\t\t<\/div>\n\t\t<\/section>\n\t\t\t\t<\/div>\n\t\t","protected":false},"excerpt":{"rendered":"<p>Mentions l\u00e9gales Merci de lire attentivement les pr\u00e9sentes modalit\u00e9s d\u2019utilisation du pr\u00e9sent site avant de le parcourir. En vous connectant sur ce site, vous acceptez sans r\u00e9serve les pr\u00e9sentes modalit\u00e9s. Propri\u00e9taire du site\u00a0: SARL BOULET Grossiste F&amp;L 71 Boulevard Alfred Nobel B\u00e2timent A \u2013 Case n\u00b007 March\u00e9 d\u2019Int\u00e9r\u00eat National de Rez\u00e9 &#8211; 44400 REZ\u00c9 &#8211;&hellip;&nbsp;<a href=\"https:\/\/www.boulet.fr\/?page_id=878\" rel=\"bookmark\">Lire la suite &raquo;<span class=\"screen-reader-text\">Mentions l\u00e9gales du site www.boulet.fr<\/span><\/a><\/p>\n","protected":false},"author":2,"featured_media":0,"parent":0,"menu_order":0,"comment_status":"closed","ping_status":"closed","template":"","meta":{"neve_meta_sidebar":"full-width","neve_meta_container":"","neve_meta_enable_content_width":"on","neve_meta_content_width":100,"neve_meta_title_alignment":"","neve_meta_author_avatar":"","neve_post_elements_order":"","neve_meta_disable_header":"","neve_meta_disable_footer":"","neve_meta_disable_title":"","_themeisle_gutenberg_block_has_review":false,"footnotes":""},"class_list":["post-878","page","type-page","status-publish","hentry"],"_links":{"self":[{"href":"https:\/\/www.boulet.fr\/index.php?rest_route=\/wp\/v2\/pages\/878","targetHints":{"allow":["GET"]}}],"collection":[{"href":"https:\/\/www.boulet.fr\/index.php?rest_route=\/wp\/v2\/pages"}],"about":[{"href":"https:\/\/www.boulet.fr\/index.php?rest_route=\/wp\/v2\/types\/page"}],"author":[{"embeddable":true,"href":"https:\/\/www.boulet.fr\/index.php?rest_route=\/wp\/v2\/users\/2"}],"replies":[{"embeddable":true,"href":"https:\/\/www.boulet.fr\/index.php?rest_route=%2Fwp%2Fv2%2Fcomments&post=878"}],"version-history":[{"count":17,"href":"https:\/\/www.boulet.fr\/index.php?rest_route=\/wp\/v2\/pages\/878\/revisions"}],"predecessor-version":[{"id":1116,"href":"https:\/\/www.boulet.fr\/index.php?rest_route=\/wp\/v2\/pages\/878\/revisions\/1116"}],"wp:attachment":[{"href":"https:\/\/www.boulet.fr\/index.php?rest_route=%2Fwp%2Fv2%2Fmedia&parent=878"}],"curies":[{"name":"wp","href":"https:\/\/api.w.org\/{rel}","templated":true}]}}